{"id":57,"date":"2022-02-24T12:48:15","date_gmt":"2022-02-24T12:48:15","guid":{"rendered":"https:\/\/demosites.royal-elementor-addons.com\/travel-v1\/?page_id=57"},"modified":"2023-10-31T14:25:03","modified_gmt":"2023-10-31T14:25:03","slug":"contact","status":"publish","type":"page","link":"http:\/\/santaclara.org.br\/?page_id=57","title":{"rendered":"Contact"},"content":{"rendered":"\t\t<div data-elementor-type=\"wp-page\" data-elementor-id=\"57\" class=\"elementor elementor-57\">\n\t\t\t\t\t\t\t\t\t<section class=\"elementor-section elementor-top-section elementor-element elementor-element-8aa7d53 elementor-section-boxed elementor-section-height-default elementor-section-height-default wpr-particle-no wpr-jarallax-no wpr-parallax-no wpr-sticky-section-no\" data-id=\"8aa7d53\" data-element_type=\"section\" data-settings=\"{&quot;background_background&quot;:&quot;classic&quot;}\">\n\t\t\t\t\t\t<div class=\"elementor-container elementor-column-gap-default\">\n\t\t\t\t\t<div class=\"elementor-column elementor-col-50 elementor-top-column elementor-element elementor-element-c2dd52c\" data-id=\"c2dd52c\" data-element_type=\"column\">\n\t\t\t<div class=\"elementor-widget-wrap elementor-element-populated\">\n\t\t\t\t\t\t\t\t<section class=\"elementor-section elementor-inner-section elementor-element elementor-element-fdb1c68 elementor-hidden-desktop elementor-section-boxed elementor-section-height-default elementor-section-height-default wpr-particle-no wpr-jarallax-no wpr-parallax-no wpr-sticky-section-no\" data-id=\"fdb1c68\" data-element_type=\"section\">\n\t\t\t\t\t\t<div class=\"elementor-container elementor-column-gap-default\">\n\t\t\t\t\t<div class=\"elementor-column elementor-col-50 elementor-inner-column elementor-element elementor-element-9e1c8a3\" data-id=\"9e1c8a3\" data-element_type=\"column\">\n\t\t\t<div class=\"elementor-widget-wrap\">\n\t\t\t\t\t\t\t\t\t<\/div>\n\t\t<\/div>\n\t\t\t\t<div class=\"elementor-column elementor-col-50 elementor-inner-column elementor-element elementor-element-f3a8dc8\" data-id=\"f3a8dc8\" data-element_type=\"column\">\n\t\t\t<div class=\"elementor-widget-wrap elementor-element-populated\">\n\t\t\t\t\t\t\t\t<div class=\"elementor-element elementor-element-2ae5f2c elementor-widget__width-initial wpr-main-menu-align-left wpr-main-menu-align--tabletleft wpr-main-menu-align--mobileleft wpr-pointer-underline wpr-pointer-line-fx wpr-pointer-fx-fade wpr-sub-icon-caret-down wpr-sub-menu-fx-fade wpr-nav-menu-bp-mobile wpr-mobile-menu-full-width wpr-mobile-menu-item-align-center wpr-mobile-toggle-v1 wpr-sub-divider-yes wpr-mobile-divider-yes elementor-widget elementor-widget-wpr-nav-menu\" data-id=\"2ae5f2c\" data-element_type=\"widget\" data-settings=\"{&quot;menu_layout&quot;:&quot;horizontal&quot;}\" data-widget_type=\"wpr-nav-menu.default\">\n\t\t\t\t<div class=\"elementor-widget-container\">\n\t\t\t<nav class=\"wpr-nav-menu-container wpr-nav-menu-horizontal\" data-trigger=\"hover\"><ul id=\"menu-1-2ae5f2c\" class=\"wpr-nav-menu\"><li class=\"menu-item menu-item-type-post_type menu-item-object-page menu-item-2327\"><a href=\"http:\/\/santaclara.org.br\/?page_id=2322\" class=\"wpr-menu-item wpr-pointer-item\">GEST\u00c3O DE PESSOAS<\/a><\/li>\n<li class=\"menu-item menu-item-type-post_type menu-item-object-page menu-item-2333\"><a href=\"http:\/\/santaclara.org.br\/?page_id=2328\" class=\"wpr-menu-item wpr-pointer-item\">DEMONSTRA\u00c7\u00c3O CONT\u00c1BEIS<\/a><\/li>\n<li class=\"menu-item menu-item-type-post_type menu-item-object-page menu-item-2624\"><a href=\"http:\/\/santaclara.org.br\/?page_id=2619\" class=\"wpr-menu-item wpr-pointer-item\">PARCERIAS<\/a><\/li>\n<\/ul><\/nav><nav class=\"wpr-mobile-nav-menu-container\"><div class=\"wpr-mobile-toggle-wrap\"><div class=\"wpr-mobile-toggle\"><span class=\"wpr-mobile-toggle-line\"><\/span><span class=\"wpr-mobile-toggle-line\"><\/span><span class=\"wpr-mobile-toggle-line\"><\/span><\/div><\/div><ul id=\"mobile-menu-2-2ae5f2c\" class=\"wpr-mobile-nav-menu\"><li class=\"menu-item menu-item-type-post_type menu-item-object-page menu-item-2327\"><a href=\"http:\/\/santaclara.org.br\/?page_id=2322\" class=\"wpr-mobile-menu-item\">GEST\u00c3O DE PESSOAS<\/a><\/li>\n<li class=\"menu-item menu-item-type-post_type menu-item-object-page menu-item-2333\"><a href=\"http:\/\/santaclara.org.br\/?page_id=2328\" class=\"wpr-mobile-menu-item\">DEMONSTRA\u00c7\u00c3O CONT\u00c1BEIS<\/a><\/li>\n<li class=\"menu-item menu-item-type-post_type menu-item-object-page menu-item-2624\"><a href=\"http:\/\/santaclara.org.br\/?page_id=2619\" class=\"wpr-mobile-menu-item\">PARCERIAS<\/a><\/li>\n<\/ul><\/nav>\t\t<\/div>\n\t\t\t\t<\/div>\n\t\t\t\t\t<\/div>\n\t\t<\/div>\n\t\t\t\t\t\t\t<\/div>\n\t\t<\/section>\n\t\t\t\t<div class=\"elementor-element elementor-element-25ea9e1 elementor-widget elementor-widget-heading\" data-id=\"25ea9e1\" data-element_type=\"widget\" data-widget_type=\"heading.default\">\n\t\t\t\t<div class=\"elementor-widget-container\">\n\t\t\t<style>\/*! elementor - v3.17.0 - 01-11-2023 *\/\n.elementor-heading-title{padding:0;margin:0;line-height:1}.elementor-widget-heading .elementor-heading-title[class*=elementor-size-]>a{color:inherit;font-size:inherit;line-height:inherit}.elementor-widget-heading .elementor-heading-title.elementor-size-small{font-size:15px}.elementor-widget-heading .elementor-heading-title.elementor-size-medium{font-size:19px}.elementor-widget-heading .elementor-heading-title.elementor-size-large{font-size:29px}.elementor-widget-heading .elementor-heading-title.elementor-size-xl{font-size:39px}.elementor-widget-heading .elementor-heading-title.elementor-size-xxl{font-size:59px}<\/style><h2 class=\"elementor-heading-title elementor-size-default\">TRANSPAR\u00caNCIA E PRESTA\u00c7\u00c3O DE CONTAS<\/h2>\t\t<\/div>\n\t\t\t\t<\/div>\n\t\t\t\t<div class=\"elementor-element elementor-element-94b1f77 elementor-widget elementor-widget-text-editor\" data-id=\"94b1f77\" data-element_type=\"widget\" data-widget_type=\"text-editor.default\">\n\t\t\t\t<div class=\"elementor-widget-container\">\n\t\t\t<style>\/*! elementor - v3.17.0 - 01-11-2023 *\/\n.elementor-widget-text-editor.elementor-drop-cap-view-stacked .elementor-drop-cap{background-color:#69727d;color:#fff}.elementor-widget-text-editor.elementor-drop-cap-view-framed .elementor-drop-cap{color:#69727d;border:3px solid;background-color:transparent}.elementor-widget-text-editor:not(.elementor-drop-cap-view-default) .elementor-drop-cap{margin-top:8px}.elementor-widget-text-editor:not(.elementor-drop-cap-view-default) .elementor-drop-cap-letter{width:1em;height:1em}.elementor-widget-text-editor .elementor-drop-cap{float:left;text-align:center;line-height:1;font-size:50px}.elementor-widget-text-editor .elementor-drop-cap-letter{display:inline-block}<\/style>\t\t\t\t<p>Bem-vindo ao Portal da Transpar\u00eancia e Presta\u00e7\u00e3o de Contas. Este espa\u00e7o \u00e9 dedicado \u00e0 divulga\u00e7\u00e3o de informa\u00e7\u00f5es cruciais relacionadas \u00e0 gest\u00e3o or\u00e7ament\u00e1ria, em estrito cumprimento das obriga\u00e7\u00f5es regimentais estabelecidas pelo Marco Regulat\u00f3rio das Organiza\u00e7\u00f5es da Sociedade Civil (Lei n\u00b013.019\/2014-MROSC).<\/p>\t\t\t\t\t\t<\/div>\n\t\t\t\t<\/div>\n\t\t\t\t<div class=\"elementor-element elementor-element-040178c elementor-widget elementor-widget-heading\" data-id=\"040178c\" data-element_type=\"widget\" data-widget_type=\"heading.default\">\n\t\t\t\t<div class=\"elementor-widget-container\">\n\t\t\t<h2 class=\"elementor-heading-title elementor-size-default\">SANTA CLARA<\/h2>\t\t<\/div>\n\t\t\t\t<\/div>\n\t\t\t\t<div class=\"elementor-element elementor-element-71d94e8 elementor-widget elementor-widget-text-editor\" data-id=\"71d94e8\" data-element_type=\"widget\" data-widget_type=\"text-editor.default\">\n\t\t\t\t<div class=\"elementor-widget-container\">\n\t\t\t\t\t\t\t<p>A Associa\u00e7\u00e3o Santa Clara tem a responsabilidade de realizar atividades socioeducativas em alinhamento com sua miss\u00e3o: promover a cidadania e assist\u00eancia social a crian\u00e7as, adolescentes e jovens em situa\u00e7\u00e3o de vulnerabilidade social. Buscamos fortalecer a educa\u00e7\u00e3o, cultura, esporte e autoestima, contribuindo para a melhoria da qualidade de vida.<\/p>\t\t\t\t\t\t<\/div>\n\t\t\t\t<\/div>\n\t\t\t\t\t<\/div>\n\t\t<\/div>\n\t\t\t\t<div class=\"elementor-column elementor-col-50 elementor-top-column elementor-element elementor-element-fe9a7f6\" data-id=\"fe9a7f6\" data-element_type=\"column\" data-settings=\"{&quot;background_background&quot;:&quot;classic&quot;}\">\n\t\t\t<div class=\"elementor-widget-wrap elementor-element-populated\">\n\t\t\t\t\t\t\t\t<section class=\"elementor-section elementor-inner-section elementor-element elementor-element-f07adc9 elementor-hidden-tablet elementor-hidden-mobile elementor-section-boxed elementor-section-height-default elementor-section-height-default wpr-particle-no wpr-jarallax-no wpr-parallax-no wpr-sticky-section-no\" data-id=\"f07adc9\" data-element_type=\"section\">\n\t\t\t\t\t\t<div class=\"elementor-container elementor-column-gap-default\">\n\t\t\t\t\t<div class=\"elementor-column elementor-col-50 elementor-inner-column elementor-element elementor-element-a3d67d5\" data-id=\"a3d67d5\" data-element_type=\"column\">\n\t\t\t<div class=\"elementor-widget-wrap elementor-element-populated\">\n\t\t\t\t\t\t\t\t<div class=\"elementor-element elementor-element-b66507b elementor-widget__width-initial wpr-main-menu-align-left wpr-main-menu-align--tabletleft wpr-main-menu-align--mobileleft wpr-pointer-underline wpr-pointer-line-fx wpr-pointer-fx-fade wpr-sub-icon-caret-down wpr-sub-menu-fx-fade wpr-nav-menu-bp-mobile wpr-mobile-menu-full-width wpr-mobile-menu-item-align-center wpr-mobile-toggle-v1 wpr-sub-divider-yes wpr-mobile-divider-yes elementor-widget elementor-widget-wpr-nav-menu\" data-id=\"b66507b\" data-element_type=\"widget\" data-settings=\"{&quot;menu_layout&quot;:&quot;horizontal&quot;}\" data-widget_type=\"wpr-nav-menu.default\">\n\t\t\t\t<div class=\"elementor-widget-container\">\n\t\t\t<nav class=\"wpr-nav-menu-container wpr-nav-menu-horizontal\" data-trigger=\"hover\"><ul id=\"menu-1-b66507b\" class=\"wpr-nav-menu\"><li class=\"menu-item menu-item-type-post_type menu-item-object-page menu-item-2327\"><a href=\"http:\/\/santaclara.org.br\/?page_id=2322\" class=\"wpr-menu-item wpr-pointer-item\">GEST\u00c3O DE PESSOAS<\/a><\/li>\n<li class=\"menu-item menu-item-type-post_type menu-item-object-page menu-item-2333\"><a href=\"http:\/\/santaclara.org.br\/?page_id=2328\" class=\"wpr-menu-item wpr-pointer-item\">DEMONSTRA\u00c7\u00c3O CONT\u00c1BEIS<\/a><\/li>\n<li class=\"menu-item menu-item-type-post_type menu-item-object-page menu-item-2624\"><a href=\"http:\/\/santaclara.org.br\/?page_id=2619\" class=\"wpr-menu-item wpr-pointer-item\">PARCERIAS<\/a><\/li>\n<\/ul><\/nav><nav class=\"wpr-mobile-nav-menu-container\"><div class=\"wpr-mobile-toggle-wrap\"><div class=\"wpr-mobile-toggle\"><span class=\"wpr-mobile-toggle-line\"><\/span><span class=\"wpr-mobile-toggle-line\"><\/span><span class=\"wpr-mobile-toggle-line\"><\/span><\/div><\/div><ul id=\"mobile-menu-2-b66507b\" class=\"wpr-mobile-nav-menu\"><li class=\"menu-item menu-item-type-post_type menu-item-object-page menu-item-2327\"><a href=\"http:\/\/santaclara.org.br\/?page_id=2322\" class=\"wpr-mobile-menu-item\">GEST\u00c3O DE PESSOAS<\/a><\/li>\n<li class=\"menu-item menu-item-type-post_type menu-item-object-page menu-item-2333\"><a href=\"http:\/\/santaclara.org.br\/?page_id=2328\" class=\"wpr-mobile-menu-item\">DEMONSTRA\u00c7\u00c3O CONT\u00c1BEIS<\/a><\/li>\n<li class=\"menu-item menu-item-type-post_type menu-item-object-page menu-item-2624\"><a href=\"http:\/\/santaclara.org.br\/?page_id=2619\" class=\"wpr-mobile-menu-item\">PARCERIAS<\/a><\/li>\n<\/ul><\/nav>\t\t<\/div>\n\t\t\t\t<\/div>\n\t\t\t\t\t<\/div>\n\t\t<\/div>\n\t\t\t\t<div class=\"elementor-column elementor-col-50 elementor-inner-column elementor-element elementor-element-1bd2d52\" data-id=\"1bd2d52\" data-element_type=\"column\">\n\t\t\t<div class=\"elementor-widget-wrap\">\n\t\t\t\t\t\t\t\t\t<\/div>\n\t\t<\/div>\n\t\t\t\t\t\t\t<\/div>\n\t\t<\/section>\n\t\t\t\t\t<\/div>\n\t\t<\/div>\n\t\t\t\t\t\t\t<\/div>\n\t\t<\/section>\n\t\t\t\t\t\t\t<\/div>\n\t\t","protected":false},"excerpt":{"rendered":"<p>GEST\u00c3O DE PESSOAS PRESTA\u00c7\u00c3O DE CONTAS PARCERIAS E PATROC\u00cdNIOS GEST\u00c3O DE PESSOAS PRESTA\u00c7\u00c3O DE CONTAS PARCERIAS E PATROC\u00cdNIOS TRANSPAR\u00caNCIA E PRESTA\u00c7\u00c3O DE CONTAS Bem-vindo ao Portal da Transpar\u00eancia e Presta\u00e7\u00e3o de Contas. Este espa\u00e7o \u00e9 dedicado \u00e0 divulga\u00e7\u00e3o de informa\u00e7\u00f5es cruciais relacionadas \u00e0 gest\u00e3o or\u00e7ament\u00e1ria, em estrito cumprimento das obriga\u00e7\u00f5es regimentais estabelecidas pelo Marco Regulat\u00f3rio [&hellip;]<\/p>\n","protected":false},"author":1,"featured_media":0,"parent":0,"menu_order":0,"comment_status":"closed","ping_status":"closed","template":"elementor_canvas","meta":[],"_links":{"self":[{"href":"http:\/\/santaclara.org.br\/index.php?rest_route=\/wp\/v2\/pages\/57"}],"collection":[{"href":"http:\/\/santaclara.org.br\/index.php?rest_route=\/wp\/v2\/pages"}],"about":[{"href":"http:\/\/santaclara.org.br\/index.php?rest_route=\/wp\/v2\/types\/page"}],"author":[{"embeddable":true,"href":"http:\/\/santaclara.org.br\/index.php?rest_route=\/wp\/v2\/users\/1"}],"replies":[{"embeddable":true,"href":"http:\/\/santaclara.org.br\/index.php?rest_route=%2Fwp%2Fv2%2Fcomments&post=57"}],"version-history":[{"count":127,"href":"http:\/\/santaclara.org.br\/index.php?rest_route=\/wp\/v2\/pages\/57\/revisions"}],"predecessor-version":[{"id":2710,"href":"http:\/\/santaclara.org.br\/index.php?rest_route=\/wp\/v2\/pages\/57\/revisions\/2710"}],"wp:attachment":[{"href":"http:\/\/santaclara.org.br\/index.php?rest_route=%2Fwp%2Fv2%2Fmedia&parent=57"}],"curies":[{"name":"wp","href":"https:\/\/api.w.org\/{rel}","templated":true}]}}